{"id":94,"date":"2018-08-07T12:25:29","date_gmt":"2018-08-07T11:25:29","guid":{"rendered":"http:\/\/www.elektroplanung-wf.de\/altensteiner-hoehle\/?page_id=94"},"modified":"2018-08-08T11:29:39","modified_gmt":"2018-08-08T10:29:39","slug":"impressum","status":"publish","type":"page","link":"http:\/\/www.elektroplanung-wf.de\/altensteiner-hoehle\/?page_id=94","title":{"rendered":"Impressum"},"content":{"rendered":"<h2>Impressum<\/h2>\n<p>Diese Seite zur Altensteiner Schauh\u00f6hle bezieht sich nur auf&nbsp; die H\u00f6hle selbst. <strong>Fragen zum Schauh\u00f6hlenbetrieb wie \u00d6ffnungszeiten, Preise u.a. erfragen Sie bitte beim Betreiber, der Stadtverwaltung Bad Liebenstein. Auf dieser Seite enthaltene Informationen zum Schaubetrieb sind rein nachrichtlich und ohne Anspruch auf Aktualit\u00e4t.<\/strong><\/p>\n<blockquote><p><em><strong>Verantwortlich f\u00fcr Grafik und Text der Webseite sind:<\/strong><\/em><\/p>\n<p><img loading=\"lazy\" class=\"alignleft size-full wp-image-258\" style=\"margin: 0px 25px 5px 0px;\" title=\"Rainer\" src=\"http:\/\/www.elektroplanung-wf.de\/altensteiner-hoehle\/wp-content\/uploads\/rainerk.jpg\" alt=\"\" width=\"150\" height=\"75\"><\/p>\n<p>Dipl.-Ing. Rainer Fohlert (Bild oben),<br \/>\nDipl.-Geol. Stephan Brauner (Bild mitte),<br \/>\nDipl.-Geol. Kerstin Fohlert (Bild unten),<br \/>\nSandbergh\u00f6he, 99848 Wutha-Farnroda<\/p>\n<p>&nbsp;<\/p>\n<p><img loading=\"lazy\" class=\"alignleft\" style=\"margin: 0px 25px 5px 0px;\" title=\"Stephan\" src=\"http:\/\/www.elektroplanung-wf.de\/altensteiner-hoehle\/wp-content\/uploads\/zinselkirche4719ak.jpg\" alt=\"\" width=\"150\" height=\"75\"><\/p>\n<p>Die Autoren dieser Seite sind Mitglieder der H\u00f6hlenforschergruppe Wutha-Farnroda und forschen seit 1998 in der Altensteiner H\u00f6hle. Bei Fragen und Anregungen zur Seite nehmen Sie bitte Kontakt zu den Autoren auf.<\/p>\n<p><img loading=\"lazy\" class=\"alignleft\" style=\"margin: 5px 25px 5px 0px;\" title=\"Kerstin\" src=\"http:\/\/www.elektroplanung-wf.de\/altensteiner-hoehle\/wp-content\/uploads\/ALTENSTEIN_009k.jpg\" alt=\"\" width=\"150\" height=\"75\"><\/p>\n<p><a href=\"&#109;&#x61;&#x69;l&#116;&#x6f;&#x3a;i&#110;&#x66;o&#46;&#x61;&#x6c;t&#101;&#x6e;s&#116;&#x65;&#x69;n&#101;&#x72;&#x2d;&#104;&#x6f;&#x65;h&#108;&#x65;&#x40;o&#110;&#x6c;i&#110;&#x65;&#x68;o&#109;&#x65;&#46;&#100;&#x65;\">info&#46;alt&#101;&#110;&#115;&#116;&#101;&#105;&#110;&#101;&#114;&#45;&#x68;&#x6f;&#x65;&#x68;&#x6c;&#x65;&#x40;&#x6f;&#x6e;&#x6c;&#x69;&#x6e;&#x65;&#x68;&#x6f;me&#46;de<\/a><\/p>\n<p>&nbsp;<\/p>\n<p>&nbsp;<\/p><\/blockquote>\n<p>&nbsp;<\/p>\n<p><em><strong>Haftung f\u00fcr Inhalte<\/strong><\/em><br \/>\nDie Inhalte unserer Seiten wurden mit gr\u00f6\u00dfter Sorgfalt erstellt. F\u00fcr die Richtigkeit, Vollst\u00e4ndigkeit und Aktualit\u00e4t der Inhalte k\u00f6nnen wir jedoch keine Gew\u00e4hr \u00fcbernehmen.<br \/>\nAls Diensteanbieter sind wir gem\u00e4\u00df \u00a7 6 Abs.1 MDStV und \u00a7 8 Abs.1 TDG f\u00fcr eigene Inhalte auf diesen Seiten nach den allgemeinen Gesetzen verantwortlich. Diensteanbieter sind jedoch nicht verpflichtet, die von ihnen \u00fcbermittelten oder gespeicherten fremden Informationen zu \u00fcberwachen oder nach Umst\u00e4nden zu forschen, die auf eine rechtswidrige T\u00e4tigkeit hinweisen. Verpflichtungen zur Entfernung oder Sperrung der Nutzung von Informationen nach den allgemeinen Gesetzen bleiben hiervon unber\u00fchrt. Eine diesbez\u00fcgliche Haftung ist jedoch erst ab dem Zeitpunkt der Kenntnis einer konkreten Rechtsverletzung m\u00f6glich. Bei bekannt werden von entsprechenden Rechtsverletzungen werden wir diese Inhalte umgehend entfernen.<\/p>\n<p><strong><em>Haftung f\u00fcr Links<\/em><\/strong><strong><br \/>\n<\/strong>Unser Angebot enth\u00e4lt Links zu externen Webseiten Dritter, auf deren Inhalte wir keinen Einfluss haben. Deshalb k\u00f6nnen wir f\u00fcr diese fremden Inhalte auch keine Gew\u00e4hr \u00fcbernehmen. F\u00fcr die Inhalte der verlinkten Seiten ist stets der jeweilige Anbieter oder Betreiber der Seiten verantwortlich. Die verlinkten Seiten wurden zum Zeitpunkt der Verlinkung auf m\u00f6gliche Rechtsverst\u00f6\u00dfe \u00fcberpr\u00fcft. Rechtswidrige Inhalte waren zum Zeitpunkt der Verlinkung nicht erkennbar. Eine permanente inhaltliche Kontrolle der verlinkten Seiten ist jedoch ohne konkrete Anhaltspunkte einer Rechtsverletzung nicht zumutbar. Bei bekannt werden von Rechtsverletzungen werden wir derartige Links umgehend entfernen.<\/p>\n<p><strong><em>Urheberrecht<\/em><\/strong><br \/>\nDie Betreiber der Seiten sind bem\u00fcht, stets die Urheberrechte anderer zu beachten bzw. auf selbst erstellte sowie lizenzfreie Werke zur\u00fcckzugreifen.<br \/>\nDie durch die Seitenbetreiber erstellten Inhalte und Werke auf diesen Seiten unterliegen dem deutschen Urheberrecht. Beitr\u00e4ge Dritter sind als solche gekennzeichnet. Die Vervielf\u00e4ltigung, Bearbeitung, Verbreitung und jede Art der Verwertung au\u00dferhalb der Grenzen des Urheberrechtes bed\u00fcrfen der schriftlichen Zustimmung des jeweiligen Autors bzw. Erstellers. Downloads und Kopien dieser Seite sind nur f\u00fcr den privaten, nicht kommerziellen Gebrauch gestattet.<\/p>\n<p><strong><em>Datenschutz<\/em><\/strong><br \/>\nSoweit auf unseren Seiten personenbezogene Daten (beispielsweise Name, Anschrift oder eMail-Adressen) erhoben werden, erfolgt dies soweit m\u00f6glich stets auf freiwilliger Basis. Die Nutzung der Angebote und Dienste ist, soweit m\u00f6glich, stets ohne Angabe personenbezogener Daten m\u00f6glich.<\/p>\n<p>Der Nutzung von im Rahmen der Impressumspflicht ver\u00f6ffentlichten Kontaktdaten durch Dritte zur \u00dcbersendung von nicht ausdr\u00fccklich angeforderter Werbung und Informationsmaterialien wird hiermit ausdr\u00fccklich widersprochen. Die Betreiber der Seiten behalten sich ausdr\u00fccklich rechtliche Schritte im Falle der unverlangten Zusendung von Werbeinformationen, etwa durch Spam-Mails, vor.<\/p>\n<p>Quelle: <a href=\"http:\/\/www.e-recht24.de\/muster-disclaimer.htm\" target=\"_blank\" rel=\"noopener noreferrer\">Disclaimer<\/a> von eRecht24.de dem Informationsportal zum <a href=\"http:\/\/www.e-recht24.de\/\" target=\"_blank\" rel=\"noopener noreferrer\">Internetrecht<\/a>.<\/p>\n","protected":false},"excerpt":{"rendered":"<p>Impressum Diese Seite zur Altensteiner Schauh\u00f6hle bezieht sich nur auf&nbsp; die H\u00f6hle selbst. Fragen zum Schauh\u00f6hlenbetrieb wie \u00d6ffnungszeiten, Preise u.a. erfragen Sie bitte beim Betreiber, der Stadtverwaltung Bad Liebenstein. Auf dieser Seite enthaltene Informationen zum Schaubetrieb sind rein nachrichtlich und ohne Anspruch auf Aktualit\u00e4t. Verantwortlich f\u00fcr Grafik und Text der Webseite sind: Dipl.-Ing. Rainer Fohlert [&hellip;]<\/p>\n","protected":false},"author":1,"featured_media":0,"parent":0,"menu_order":11,"comment_status":"closed","ping_status":"closed","template":"","meta":{"ngg_post_thumbnail":0},"_links":{"self":[{"href":"http:\/\/www.elektroplanung-wf.de\/altensteiner-hoehle\/index.php?rest_route=\/wp\/v2\/pages\/94"}],"collection":[{"href":"http:\/\/www.elektroplanung-wf.de\/altensteiner-hoehle\/index.php?rest_route=\/wp\/v2\/pages"}],"about":[{"href":"http:\/\/www.elektroplanung-wf.de\/altensteiner-hoehle\/index.php?rest_route=\/wp\/v2\/types\/page"}],"author":[{"embeddable":true,"href":"http:\/\/www.elektroplanung-wf.de\/altensteiner-hoehle\/index.php?rest_route=\/wp\/v2\/users\/1"}],"replies":[{"embeddable":true,"href":"http:\/\/www.elektroplanung-wf.de\/altensteiner-hoehle\/index.php?rest_route=%2Fwp%2Fv2%2Fcomments&post=94"}],"version-history":[{"count":11,"href":"http:\/\/www.elektroplanung-wf.de\/altensteiner-hoehle\/index.php?rest_route=\/wp\/v2\/pages\/94\/revisions"}],"predecessor-version":[{"id":231,"href":"http:\/\/www.elektroplanung-wf.de\/altensteiner-hoehle\/index.php?rest_route=\/wp\/v2\/pages\/94\/revisions\/231"}],"wp:attachment":[{"href":"http:\/\/www.elektroplanung-wf.de\/altensteiner-hoehle\/index.php?rest_route=%2Fwp%2Fv2%2Fmedia&parent=94"}],"curies":[{"name":"wp","href":"https:\/\/api.w.org\/{rel}","templated":true}]}}