{"id":92,"date":"2011-12-16T18:39:52","date_gmt":"2011-12-16T18:39:52","guid":{"rendered":"http:\/\/www.elektroplanung-wf.de\/altensteiner-hoehle\/?page_id=92"},"modified":"2011-12-16T21:58:47","modified_gmt":"2011-12-16T21:58:47","slug":"literatur","status":"publish","type":"page","link":"http:\/\/www.elektroplanung-wf.de\/altensteiner-hoehle\/?page_id=92","title":{"rendered":"Literatur"},"content":{"rendered":"<h2>Literatur<\/h2>\n<p><a class=\"shutterset_\" title=\"Die Schauh\u00f6hle Altenstein in Schweina\" href=\"http:\/\/www.elektroplanung-wf.de\/altensteiner-hoehle\/wp-content\/gallery\/bucher\/schauah.jpg\"><img loading=\"lazy\" class=\"ngg-singlepic ngg-none alignleft\" style=\"margin-top: 0px; margin-bottom: 15px; margin-left: 0px; margin-right: 25px;\" src=\"http:\/\/www.elektroplanung-wf.de\/altensteiner-hoehle\/wp-content\/gallery\/bucher\/thumbs\/thumbs_schauah.jpg\" alt=\"Die Schauh\u00f6hle Altenstein in Schweina\" width=\"100\" height=\"140\" \/><\/a><\/p>\n<p>Hrsg. Th\u00fcringer Landesanstalt f\u00fcr Umwelt und Geologie<br \/>\n<strong>Die Schauh\u00f6hle Altenstein in Schweina. Natur- und Kulturgeschichte eines Geotops<\/strong><\/p>\n<p>Anschrift des Herausgebers:<br \/>\nTh\u00fcringer Landesanstalt f\u00fcr Umwelt und Geologie<br \/>\nPr\u00fcssingstr. 25<br \/>\n07745 Jena<br \/>\n&#x54;&#x4c;&#x55;&#x47;&#46;&#80;&#111;st&#x40;&#x54;&#x4c;&#x55;&#x47;&#74;&#101;&#110;a&#46;&#x54;&#x68;&#x75;&#x65;&#x72;&#105;&#110;&#103;en&#x2e;&#x64;&#x65;<br \/>\nwww.tlug-jena.de<\/p>\n<p><a class=\"shutterset_\" title=\"Altensteiner Bl\u00e4tter\" href=\"http:\/\/www.elektroplanung-wf.de\/altensteiner-hoehle\/wp-content\/gallery\/bucher\/altensteinerblatter.jpg\"><img loading=\"lazy\" class=\"ngg-singlepic ngg-none alignleft\" style=\"margin-top: 0px; margin-bottom: 5px; margin-left: 0px; margin-right: 25px;\" src=\"http:\/\/www.elektroplanung-wf.de\/altensteiner-hoehle\/wp-content\/gallery\/bucher\/thumbs\/thumbs_altensteinerblatter.jpg\" alt=\"Altensteiner Bl\u00e4tter\" width=\"100\" height=\"135\" \/><\/a><\/p>\n<p>Ortschronik Schweina e.V.<br \/>\n<strong>Altensteiner Bl\u00e4tter. Geschichte und Geschichten aus den Orten des ehemaligen Amtes Altenstein sowie Bad Liebenstein und Moorgrund<br \/>\n<\/strong><br \/>\nAlle Ver\u00f6ffentlichungen des Vereins Ortschronik Schweina e.V. finden Sie <a href=\"http:\/\/www.ortschronik-schweina.de\/Publikationen\/Publikationen.html\" target=\"blank\">hier<\/a>.<\/p>\n<p>&nbsp;<\/p>\n<p><a class=\"shutterset_\" href=\"http:\/\/www.elektroplanung-wf.de\/altensteiner-hoehle\/wp-content\/gallery\/bucher\/sdthforsch30.jpg\"><img loading=\"lazy\" class=\"ngg-singlepic ngg-none alignleft\" style=\"margin-top: 0px; margin-bottom: 35px; margin-left: 0px; margin-right: 25px;\" src=\"http:\/\/www.elektroplanung-wf.de\/altensteiner-hoehle\/wp-content\/gallery\/bucher\/thumbs\/thumbs_sdthforsch30.jpg\" alt=\"sdthforsch30\" width=\"100\" height=\"140\" \/><\/a><\/p>\n<p>S\u00fcdth\u00fcringer Forschungen Bd. 30, Meiningen 1999<br \/>\n<strong>Beitr\u00e4ge zur Kunst- und Kulturgeschichte<\/strong><\/p>\n<p><a href=\"http:\/\/www.elektroplanung-wf.de\/altensteiner-hoehle\/?page_id=33\" target=\"_self\">Abb. 1<\/a> auf der Geschichtsseite ist ein Gem\u00e4lde das im folgenden Artikel beschrieben wird:<\/p>\n<p>Seib, Gerhard: Eine unbekannte Ansicht des Blaufarbenwerks Gl\u00fccksbrunn bei Schweina von dem Meininger Hofmaler Carl Wagner (1796-1867). ISBN 3-910114-02-4Literatur<\/p>\n","protected":false},"excerpt":{"rendered":"<p>Literatur Hrsg. Th\u00fcringer Landesanstalt f\u00fcr Umwelt und Geologie Die Schauh\u00f6hle Altenstein in Schweina. Natur- und Kulturgeschichte eines Geotops Anschrift des Herausgebers: Th\u00fcringer Landesanstalt f\u00fcr Umwelt und Geologie Pr\u00fcssingstr. 25 07745 Jena &#x54;&#x4c;&#x55;&#x47;&#x2e;&#x50;&#x6f;&#x73;&#x74;&#x40;&#x54;&#x4c;&#x55;&#x47;&#74;&#101;&#110;&#97;&#46;&#84;&#104;&#117;&#101;&#114;&#105;ngen&#46;de www.tlug-jena.de Ortschronik Schweina e.V. Altensteiner Bl\u00e4tter. Geschichte und Geschichten aus den Orten des ehemaligen Amtes Altenstein sowie Bad Liebenstein und Moorgrund Alle Ver\u00f6ffentlichungen [&hellip;]<\/p>\n","protected":false},"author":1,"featured_media":0,"parent":0,"menu_order":10,"comment_status":"closed","ping_status":"closed","template":"","meta":{"ngg_post_thumbnail":0},"_links":{"self":[{"href":"http:\/\/www.elektroplanung-wf.de\/altensteiner-hoehle\/index.php?rest_route=\/wp\/v2\/pages\/92"}],"collection":[{"href":"http:\/\/www.elektroplanung-wf.de\/altensteiner-hoehle\/index.php?rest_route=\/wp\/v2\/pages"}],"about":[{"href":"http:\/\/www.elektroplanung-wf.de\/altensteiner-hoehle\/index.php?rest_route=\/wp\/v2\/types\/page"}],"author":[{"embeddable":true,"href":"http:\/\/www.elektroplanung-wf.de\/altensteiner-hoehle\/index.php?rest_route=\/wp\/v2\/users\/1"}],"replies":[{"embeddable":true,"href":"http:\/\/www.elektroplanung-wf.de\/altensteiner-hoehle\/index.php?rest_route=%2Fwp%2Fv2%2Fcomments&post=92"}],"version-history":[{"count":4,"href":"http:\/\/www.elektroplanung-wf.de\/altensteiner-hoehle\/index.php?rest_route=\/wp\/v2\/pages\/92\/revisions"}],"predecessor-version":[{"id":229,"href":"http:\/\/www.elektroplanung-wf.de\/altensteiner-hoehle\/index.php?rest_route=\/wp\/v2\/pages\/92\/revisions\/229"}],"wp:attachment":[{"href":"http:\/\/www.elektroplanung-wf.de\/altensteiner-hoehle\/index.php?rest_route=%2Fwp%2Fv2%2Fmedia&parent=92"}],"curies":[{"name":"wp","href":"https:\/\/api.w.org\/{rel}","templated":true}]}}