{"id":73,"date":"2011-12-16T18:31:19","date_gmt":"2011-12-16T18:31:19","guid":{"rendered":"http:\/\/www.elektroplanung-wf.de\/altensteiner-hoehle\/?page_id=73"},"modified":"2012-04-06T10:05:03","modified_gmt":"2012-04-06T10:05:03","slug":"aussgangstollen","status":"publish","type":"page","link":"http:\/\/www.elektroplanung-wf.de\/altensteiner-hoehle\/?page_id=73","title":{"rendered":"Aussgangstollen"},"content":{"rendered":"<p><a name=\"plan\"><\/a><br \/>\n<img loading=\"lazy\" class=\"alignleft size-full wp-image-820\" src=\"http:\/\/www.elektroplanung-wf.de\/altensteiner-hoehle\/wp-content\/uploads\/Cave.png\" usemap=\"#Cave\" alt=\"\" width=\"850\" height=\"215\" \/><\/p>\n<map name=\"Cave\">\n<area shape=\"poly\" coords=\"742,34,753,31,759,43,742,48\" href=\"http:\/\/www.elektroplanung-wf.de\/altensteiner-hoehle\/?page_id=90#plan\" alt=\"199 Jahre-Halle\">\n<area shape=\"poly\" coords=\"634,38,634,56,650,56,650,40\" href=\"http:\/\/www.elektroplanung-wf.de\/altensteiner-hoehle\/?page_id=88#plan\" alt=\"Saal des Pik Otto\">\n<area shape=\"poly\" coords=\"601,56,614,56,614,68,601,68\" href=\"http:\/\/www.elektroplanung-wf.de\/altensteiner-hoehle\/?page_id=83#plan\" alt=\"Bachgang\">\n<area shape=\"poly\" coords=\"494,69,515,69,515,87,493,87\" href=\"http:\/\/www.elektroplanung-wf.de\/altensteiner-hoehle\/?page_id=85#plan\" alt=\"Regenbogensaal\">\n<area shape=\"poly\" coords=\"440,52,440,67,457,67,453,53\" href=\"http:\/\/www.elektroplanung-wf.de\/altensteiner-hoehle\/?page_id=79#plan\" alt=\"Bachgang\">\n<area shape=\"poly\" coords=\"332,54,346,54,346,69,332,69\" href=\"http:\/\/www.elektroplanung-wf.de\/altensteiner-hoehle\/?page_id=75#plan\" alt=\"Schauh\u00f6hlenende\">\n<area shape=\"poly\" coords=\"299,131,313,131,313,144,300,144\" href=\"http:\/\/www.elektroplanung-wf.de\/altensteiner-hoehle\/?page_id=73#plan\" alt=\"Stollen\">\n<area shape=\"poly\" coords=\"268,71,268,87,282,87,281,71\" href=\"http:\/\/www.elektroplanung-wf.de\/altensteiner-hoehle\/?page_id=77#plan\" alt=\"Bachgang\">\n<area shape=\"poly\" coords=\"244,73,244,88,256,88,256,74\" href=\"http:\/\/www.elektroplanung-wf.de\/altensteiner-hoehle\/?page_id=71#plan\" alt=\"Treppe\">\n<area shape=\"poly\" coords=\"221,94,222,108,235,109,235,94\" href=\"http:\/\/www.elektroplanung-wf.de\/altensteiner-hoehle\/?page_id=69#plan\" alt=\"See\">\n<area shape=\"poly\" coords=\"187,93,206,93,207,112,187,112\" href=\"http:\/\/www.elektroplanung-wf.de\/altensteiner-hoehle\/?page_id=61#plan\" alt=\"Dom\">\n<area shape=\"poly\" coords=\"156,94,171,94,171,107,156,107\" href=\"http:\/\/www.elektroplanung-wf.de\/altensteiner-hoehle\/?page_id=59#plan\" alt=\"Treppe zur Oberen Empore\">\n<area shape=\"poly\" coords=\"133,111,151,110,151,127,133,129\" href=\"http:\/\/www.elektroplanung-wf.de\/altensteiner-hoehle\/?page_id=57#plan\" alt=\"Musiksaal\">\n<area shape=\"poly\" coords=\"126,150,144,150,143,166,128,165\" href=\"http:\/\/www.elektroplanung-wf.de\/altensteiner-hoehle\/?page_id=51#plan\" alt=\"An der B\u00e4rengrotte\">\n<area shape=\"poly\" coords=\"121,171,132,173,132,184,120,184\" href=\"http:\/\/www.elektroplanung-wf.de\/altensteiner-hoehle\/?page_id=47#plan\" alt=\"Mauerbogen\">\n<area shape=\"poly\" coords=\"101,166,117,166,117,183,103,181\" href=\"http:\/\/www.elektroplanung-wf.de\/altensteiner-hoehle\/?page_id=45#plan\" alt=\"Entdeckungsschacht\">\n<area shape=\"poly\" coords=\"92,189,107,189,107,201,92,201\" href=\"http:\/\/www.elektroplanung-wf.de\/altensteiner-hoehle\/?page_id=43#plan\" alt=\"Eingangsstollen\">\n<area shape=\"poly\" coords=\"16,47,2,47,3,60,15,60\" href=\"http:\/\/www.elektroplanung-wf.de\/altensteiner-hoehle\/?page_id=40#plan\" alt=\"Quelle des Altensteiner H\u00f6hlenbachs\">\n<\/map>\n<p>&nbsp;<\/p>\n<h4>Blick in den unvollendeten Aussgangstollen<\/h4>\n<p>&nbsp;<\/p>\n<p><img loading=\"lazy\" class=\"alignright\" style=\"margin-top: 5px; margin-bottom: 5px; margin-left: 70px; margin-right: 40px;\" src=\"http:\/\/www.elektroplanung-wf.de\/altensteiner-hoehle\/wp-content\/gallery\/hohlenraume\/stollen.jpg\" alt=\"stollen.jpg\" width=\"384\" height=\"512\" \/><\/p>\n<p>In den sp\u00e4ten 50\u2019er Jahren begannen die Plan-ungen zum Bau eines Ausgangsstollen der eine Rundf\u00fchrung durch die H\u00f6hle erm\u00f6glichen sollte.<br \/>\n<br \/>\nDer Rohbau wurde jedoch nie vollendet. Der Morgentordom (der gr\u00f6\u00dfte Saal der H\u00f6hle) und der Ausgangsstollen sind der \u00d6ffentlichkeit heute nicht zug\u00e4nglich.<\/p>\n","protected":false},"excerpt":{"rendered":"<p>&nbsp; Blick in den unvollendeten Aussgangstollen &nbsp; In den sp\u00e4ten 50\u2019er Jahren begannen die Plan-ungen zum Bau eines Ausgangsstollen der eine Rundf\u00fchrung durch die H\u00f6hle erm\u00f6glichen sollte. Der Rohbau wurde jedoch nie vollendet. Der Morgentordom (der gr\u00f6\u00dfte Saal der H\u00f6hle) und der Ausgangsstollen sind der \u00d6ffentlichkeit heute nicht zug\u00e4nglich.<\/p>\n","protected":false},"author":1,"featured_media":0,"parent":35,"menu_order":34,"comment_status":"closed","ping_status":"closed","template":"page_om.php","meta":{"ngg_post_thumbnail":0},"_links":{"self":[{"href":"http:\/\/www.elektroplanung-wf.de\/altensteiner-hoehle\/index.php?rest_route=\/wp\/v2\/pages\/73"}],"collection":[{"href":"http:\/\/www.elektroplanung-wf.de\/altensteiner-hoehle\/index.php?rest_route=\/wp\/v2\/pages"}],"about":[{"href":"http:\/\/www.elektroplanung-wf.de\/altensteiner-hoehle\/index.php?rest_route=\/wp\/v2\/types\/page"}],"author":[{"embeddable":true,"href":"http:\/\/www.elektroplanung-wf.de\/altensteiner-hoehle\/index.php?rest_route=\/wp\/v2\/users\/1"}],"replies":[{"embeddable":true,"href":"http:\/\/www.elektroplanung-wf.de\/altensteiner-hoehle\/index.php?rest_route=%2Fwp%2Fv2%2Fcomments&post=73"}],"version-history":[{"count":4,"href":"http:\/\/www.elektroplanung-wf.de\/altensteiner-hoehle\/index.php?rest_route=\/wp\/v2\/pages\/73\/revisions"}],"predecessor-version":[{"id":212,"href":"http:\/\/www.elektroplanung-wf.de\/altensteiner-hoehle\/index.php?rest_route=\/wp\/v2\/pages\/73\/revisions\/212"}],"up":[{"embeddable":true,"href":"http:\/\/www.elektroplanung-wf.de\/altensteiner-hoehle\/index.php?rest_route=\/wp\/v2\/pages\/35"}],"wp:attachment":[{"href":"http:\/\/www.elektroplanung-wf.de\/altensteiner-hoehle\/index.php?rest_route=%2Fwp%2Fv2%2Fmedia&parent=73"}],"curies":[{"name":"wp","href":"https:\/\/api.w.org\/{rel}","templated":true}]}}