{"id":31,"date":"2011-12-16T17:08:25","date_gmt":"2011-12-16T17:08:25","guid":{"rendered":"http:\/\/www.elektroplanung-wf.de\/altensteiner-hoehle\/?page_id=31"},"modified":"2012-01-15T12:46:19","modified_gmt":"2012-01-15T12:46:19","slug":"drehort-altensteiner-hohle","status":"publish","type":"page","link":"http:\/\/www.elektroplanung-wf.de\/altensteiner-hoehle\/?page_id=31","title":{"rendered":"Drehort Altensteiner H\u00f6hle"},"content":{"rendered":"<h2>Drehort Altensteiner H\u00f6hle<\/h2>\n<p>&nbsp;<\/p>\n<p><a class=\"shutterset_\" href=\"http:\/\/www.elektroplanung-wf.de\/altensteiner-hoehle\/wp-content\/gallery\/drehort\/tomsawyer.jpg\"><img loading=\"lazy\" class=\"ngg-singlepic ngg-none alignleft\" style=\"margin-top: 5px; margin-bottom: 15px; margin-left: 25px; margin-right: 50px;\" src=\"http:\/\/www.elektroplanung-wf.de\/altensteiner-hoehle\/wp-content\/gallery\/drehort\/thumbs\/thumbs_tomsawyer.jpg\" alt=\"tomsawyer\" width=\"100\" height=\"142\" \/><\/a><\/p>\n<p><strong>Kinder- und Jugendfilm Tom Sawyer (2010)<\/strong><br \/>\nvon Hermine Huntgeburth<\/p>\n<p>Aufnahmen f\u00fcr diesen Film fanden 2010 u.a. auch in der Altensteiner H\u00f6hle statt. Weitere Drehorte f\u00fcr die H\u00f6hlenszenen sind die Kittelsthaler Tropfsteinh\u00f6hle, die Saalfelder Feengrotten und die Einhornh\u00f6hle bei Herzberg. Alle 3 H\u00f6hlen und die Saalfelder Feengrotten sind Schau-h\u00f6hlen bzw. -bergwerk. Die Friedhofsszene wurde im Wald bei Ruhla gedreht. Man kann die typischen runden Felsen des Ruhlaer Granits erkennen (siehe Bild). <\/p>\n<p><a class=\"shutterset_\" href=\"http:\/\/www.elektroplanung-wf.de\/altensteiner-hoehle\/wp-content\/gallery\/drehort\/ts_0701.jpg\"><img loading=\"lazy\" class=\"ngg-singlepic ngg-none alignleft\" style=\"margin-top: 0px; margin-bottom: 625px; margin-left: 0px; margin-right: 25px;\" src=\"http:\/\/www.elektroplanung-wf.de\/altensteiner-hoehle\/wp-content\/gallery\/drehort\/thumbs\/thumbs_ts_0701.jpg\" alt=\"ts_0701\" width=\"150\" height=\"100\" \/><\/a><\/p>\n<p>Die Altensteiner H\u00f6hle, die Kittelsthaler Tropfsteinh\u00f6hle und die <a href=\"http:\/\/www.ruhla.de\/\" target=\"_blank\">Stadt Ruhla<\/a> liegen im <a href=\"http:\/\/www.thueringer-geopark.de\" target=\"_blank\">Nationalen GeoPark Th\u00fcringen Inselsberg &#8211; Drei Gleichen<\/a>, die Saal-felder Feengrotten liegen im <a href=\"http:\/\/www.geopark-schieferland.de\/\" target=\"_blank\">Geopark Schieferland<\/a> und die Einhornh\u00f6hle liegt im <a href=\"http:\/\/www.geopark-harz.de\/\" target=\"_blank\">Nationalen GeoPark Harz. Braunschweiger Land. Ostfalen.<\/a><\/p>\n<p>Produktion: <a href=\"http:\/\/www.neueschoenhauser.de\/1-0-News.html\" target=\"_blank\">Neue Sch\u00f6nhauser Filmproduktion GmbH<\/a> in Koproduktion mit <a href=\"http:\/\/www.majestic.de\/\" target=\"_blank\">Majestic Filmproduktion<\/a> and <a href=\"http:\/\/www.hifilm.ro\/\" target=\"_blank\">HiFilm Productions<\/a><br \/>\nDrehzeit: 30.8.10-12.11.10<\/p>\n<p>Weitere Informationen zum Film finden Sie auch auf der Seite der <a href=\"http:\/\/www.nordmedia.de\/produktionsspiegel\/detail\/tom_sawyer.689.html\" target=\"_blank\">Nordmedia<\/a> und auf der offiziellen Seite zum Film <a href=\"http:\/\/tomsawyer-film.de\/\" target=\"_blank\">http:\/\/tomsawyer-film.de<\/a>.<\/p>\n<p>&nbsp;<br \/>\n&nbsp;<\/p>\n<p><strong>Der Teufel mit den drei goldenen Haaren (2009)<\/strong><\/p>\n<p>2009 wurde die Neuverfilmung des M\u00e4rchens &#8222;Der Teufel mit den drei goldenen Haaren&#8220; als Ko-produktion von PROVOBIS, Moviepool, Moonlake Entertainment und dem ZDF gedreht. Der Film wurde am 27.12.2009 im ZDF erstausgestrahlt. Die Aufnahmen f\u00fcr die &#8222;H\u00f6lle&#8220; wurden in der Altensteiner H\u00f6hle gedreht. Im Dom war das Wohnzimmer des Teufels eingerichtet. Sein Bett steht immer noch dort &#8230;<\/p>\n<p>Nebenbei: Andere Drehorte waren der Altensteiner Park und <a href=\"http:\/\/www.oberschloss-kranichfeld.de\/chronik.htm\" target=\"_blank\">Schloss Kranichfeld<\/a> in Th\u00fcringen.<br \/>\n<small><\/small><\/p>\n<p><a href=\"http:\/\/www.provobis-hamburg.de\/deutsch\/startdeutsch.html\" target=\"_blank\">http:\/\/www.provobis-hamburg.de<\/a><\/p>\n<p>&nbsp;<\/p>\n<p><strong>Werbefilm f\u00fcr Arla H\u00f6hlenk\u00e4se<\/strong><\/p>\n<p>Die Werbung f\u00fcr den <a href=\"http:\/\/www.arlafoods.de\/produkte\/ost\/hohlenkase\/hohlenkase-classic-125g\/\" target=\"_blank\">Arla H\u00f6hlenk\u00e4se<\/a> wurde u.a. in der Altensteiner H\u00f6hle gedreht.<br \/>\n<small><\/small><\/p>\n<p><a href=\"http:\/\/www.arlafoods.de\/produkte\/ost\/hohlenkase\/hohlenkase-classic-125g\/\" target=\"_blank\">http:\/\/www.arlafoods.de<\/a><\/p>\n<p><iframe loading=\"lazy\" src=\"http:\/\/www.youtube.com\/embed\/LWmZbdaH9cY?rel=0\" frameborder=\"0\" width=\"420\" height=\"315\"><\/iframe><\/p>\n<p>&nbsp;<\/p>\n<p><strong>Familie Dr. Kleist &#8211; Folge 6 (2007)<\/strong><\/p>\n<p>Hauptdrehort dieser Serie ist die Stadt Eisenach. In der 6. Folge der Serie &#8222;Familie Dr. Kleist&#8220; werden Sch\u00fcler bei einem Ausflug in die nahegelegene B\u00e4renh\u00f6hle versch\u00fcttet. Drehort f\u00fcr diesen &#8222;H\u00f6hlenausflug&#8220; ist die Altensteiner H\u00f6hle. Der H\u00f6hleneingang in der Serie wurde in einem alten Steinbruch bei Etterwinden gedreht.<br \/>\n<small><\/small><\/p>\n<p><a href=\"http:\/\/www.daserste.de\/unterhaltung\/serie\/familie-dr-kleist\/sendung\/2007\/verschuettet-folge-6-100.html\" target=\"_blank\">Mehr Infos zur Serie Familie Dr. Kleist &#8211; Folge 6<\/a><\/p>\n","protected":false},"excerpt":{"rendered":"<p>Drehort Altensteiner H\u00f6hle &nbsp; Kinder- und Jugendfilm Tom Sawyer (2010) von Hermine Huntgeburth Aufnahmen f\u00fcr diesen Film fanden 2010 u.a. auch in der Altensteiner H\u00f6hle statt. Weitere Drehorte f\u00fcr die H\u00f6hlenszenen sind die Kittelsthaler Tropfsteinh\u00f6hle, die Saalfelder Feengrotten und die Einhornh\u00f6hle bei Herzberg. Alle 3 H\u00f6hlen und die Saalfelder Feengrotten sind Schau-h\u00f6hlen bzw. -bergwerk. Die [&hellip;]<\/p>\n","protected":false},"author":1,"featured_media":0,"parent":23,"menu_order":3,"comment_status":"closed","ping_status":"closed","template":"","meta":{"ngg_post_thumbnail":0},"_links":{"self":[{"href":"http:\/\/www.elektroplanung-wf.de\/altensteiner-hoehle\/index.php?rest_route=\/wp\/v2\/pages\/31"}],"collection":[{"href":"http:\/\/www.elektroplanung-wf.de\/altensteiner-hoehle\/index.php?rest_route=\/wp\/v2\/pages"}],"about":[{"href":"http:\/\/www.elektroplanung-wf.de\/altensteiner-hoehle\/index.php?rest_route=\/wp\/v2\/types\/page"}],"author":[{"embeddable":true,"href":"http:\/\/www.elektroplanung-wf.de\/altensteiner-hoehle\/index.php?rest_route=\/wp\/v2\/users\/1"}],"replies":[{"embeddable":true,"href":"http:\/\/www.elektroplanung-wf.de\/altensteiner-hoehle\/index.php?rest_route=%2Fwp%2Fv2%2Fcomments&post=31"}],"version-history":[{"count":25,"href":"http:\/\/www.elektroplanung-wf.de\/altensteiner-hoehle\/index.php?rest_route=\/wp\/v2\/pages\/31\/revisions"}],"predecessor-version":[{"id":298,"href":"http:\/\/www.elektroplanung-wf.de\/altensteiner-hoehle\/index.php?rest_route=\/wp\/v2\/pages\/31\/revisions\/298"}],"up":[{"embeddable":true,"href":"http:\/\/www.elektroplanung-wf.de\/altensteiner-hoehle\/index.php?rest_route=\/wp\/v2\/pages\/23"}],"wp:attachment":[{"href":"http:\/\/www.elektroplanung-wf.de\/altensteiner-hoehle\/index.php?rest_route=%2Fwp%2Fv2%2Fmedia&parent=31"}],"curies":[{"name":"wp","href":"https:\/\/api.w.org\/{rel}","templated":true}]}}