{"id":27,"date":"2011-12-16T17:06:19","date_gmt":"2011-12-16T17:06:19","guid":{"rendered":"http:\/\/www.elektroplanung-wf.de\/altensteiner-hoehle\/?page_id=27"},"modified":"2017-05-18T13:45:17","modified_gmt":"2017-05-18T12:45:17","slug":"veranstaltungen","status":"publish","type":"page","link":"http:\/\/www.elektroplanung-wf.de\/altensteiner-hoehle\/?page_id=27","title":{"rendered":"Veranstaltungen"},"content":{"rendered":"<h1>&nbsp;<\/h1>\n<p>&nbsp;<\/p>\n<h1>Veranstaltungen<\/h1>\n<p><a class=\"shutterset_\" title=\"<a href=&quot;http:\/\/www.saltriver.de\/&quot;>Salt River Dixie Band<\/a> im Dom der Altensteiner H\u00f6hle&#8220; href=&#8220;http:\/\/www.elektroplanung-wf.de\/altensteiner-hoehle\/wp-content\/gallery\/veranstaltungen\/saltriver.jpg&#8220;><img loading=\"lazy\" class=\"ngg-singlepic ngg-none alignleft\" style=\"margin: 5px 25px 5px 0px;\" src=\"http:\/\/www.elektroplanung-wf.de\/altensteiner-hoehle\/wp-content\/gallery\/veranstaltungen\/thumbs\/thumbs_saltriver.jpg\" alt=\"Salt River Dixie Band im Dom der Altensteiner H\u00f6hle\" width=\"150\" height=\"100\"><\/a>Schon Herzog Georg I. von Sachsen-Meiningen nutzte die H\u00f6hle f\u00fcr romantische Feste. Seit einigen Jahren finden in der H\u00f6hle wieder gut besuchte Konzerte statt. Im Dom k\u00f6nnen bis zu einhundert Besucher Musik verschiedenster Richtungen genie\u00dfen.<br \/>\n<strong>Seit 2009 kann man im <a href=\"http:\/\/www.elektroplanung-wf.de\/altensteiner-hoehle\/?page_id=29\">Dom der Altensteiner H\u00f6hle<\/a> auch heiraten.<\/strong><\/p>\n<p><strong>Veranstaltungen 2017 auf einen Blick:<\/strong><\/p>\n<p>&nbsp;<\/p>\n<p>Aktuell ist die H\u00f6hle leider geschlossen.<\/p>\n<p>Sobald Termine vorliegen, werden sie hier verf\u00fcgbar sein.<\/p>\n<p>&nbsp;<\/p>\n<p style=\"text-align: left;\">&nbsp;<\/p>\n<p>&nbsp;<br \/>\nDie Veranstaltungs\u00fcbersicht als PDF finden Sie, sobald verf\u00fcgbar, auch &nbsp;hier zum <a title=\"Home\" href=\"http:\/\/www.elektroplanung-wf.de\/altensteiner-hoehle\/DieAltensteinerHoehleVeranstaltungen2016.pdf\">Download<\/a><\/p>\n<p style=\"text-align: left;\">In der H\u00f6hle gibt es eine konstante Temperatur von 8\u00b0C und eine hohe Luftfeuchte. W\u00e4hlen Sie bitte eine passende Kleidung.<br \/>\nBitte informieren Sie sich hier auch&nbsp;\u00fcber aktuelle \u00c4nderungen.<\/p>\n","protected":false},"excerpt":{"rendered":"<p>&nbsp; &nbsp; Veranstaltungen<\/p>\n","protected":false},"author":1,"featured_media":0,"parent":23,"menu_order":1,"comment_status":"closed","ping_status":"closed","template":"","meta":{"ngg_post_thumbnail":0},"_links":{"self":[{"href":"http:\/\/www.elektroplanung-wf.de\/altensteiner-hoehle\/index.php?rest_route=\/wp\/v2\/pages\/27"}],"collection":[{"href":"http:\/\/www.elektroplanung-wf.de\/altensteiner-hoehle\/index.php?rest_route=\/wp\/v2\/pages"}],"about":[{"href":"http:\/\/www.elektroplanung-wf.de\/altensteiner-hoehle\/index.php?rest_route=\/wp\/v2\/types\/page"}],"author":[{"embeddable":true,"href":"http:\/\/www.elektroplanung-wf.de\/altensteiner-hoehle\/index.php?rest_route=\/wp\/v2\/users\/1"}],"replies":[{"embeddable":true,"href":"http:\/\/www.elektroplanung-wf.de\/altensteiner-hoehle\/index.php?rest_route=%2Fwp%2Fv2%2Fcomments&post=27"}],"version-history":[{"count":67,"href":"http:\/\/www.elektroplanung-wf.de\/altensteiner-hoehle\/index.php?rest_route=\/wp\/v2\/pages\/27\/revisions"}],"predecessor-version":[{"id":628,"href":"http:\/\/www.elektroplanung-wf.de\/altensteiner-hoehle\/index.php?rest_route=\/wp\/v2\/pages\/27\/revisions\/628"}],"up":[{"embeddable":true,"href":"http:\/\/www.elektroplanung-wf.de\/altensteiner-hoehle\/index.php?rest_route=\/wp\/v2\/pages\/23"}],"wp:attachment":[{"href":"http:\/\/www.elektroplanung-wf.de\/altensteiner-hoehle\/index.php?rest_route=%2Fwp%2Fv2%2Fmedia&parent=27"}],"curies":[{"name":"wp","href":"https:\/\/api.w.org\/{rel}","templated":true}]}}