{"id":14,"date":"2014-05-14T16:29:24","date_gmt":"2014-05-14T16:29:24","guid":{"rendered":"http:\/\/www.elektroplanung-wf.de\/altensteiner-hoehle\/?page_id=14"},"modified":"2014-05-14T16:33:42","modified_gmt":"2014-05-14T16:33:42","slug":"buecher","status":"publish","type":"page","link":"http:\/\/www.elektroplanung-wf.de\/altensteiner-hoehle\/?page_id=14","title":{"rendered":"Buchtipp"},"content":{"rendered":"<p><a href=\"http:\/\/www.elektroplanung-wf.de\/altensteiner-hoehle\/wp-content\/uploads\/Kuh11-14.jpg\"><img loading=\"lazy\" class=\"alignleft  wp-image-460\" alt=\"Kuh11-14\" src=\"http:\/\/www.elektroplanung-wf.de\/altensteiner-hoehle\/wp-content\/uploads\/Kuh11-14.jpg\" width=\"240\" height=\"330\" \/><\/a><strong>Karst und H\u00f6hle <\/strong><\/p>\n<p><strong>Band 2011-2014 \u201eTh\u00fcringen\u201c<\/strong><\/p>\n<p>Vom Verband der deutschen H\u00f6hlen- und Karstforscher e.V. wurde vor wenigen Tagen der Band \u201eTh\u00fcringen\u201c aus der Reihe \u201eKarst und H\u00f6hle\u201c herausgegeben.<\/p>\n<p>Auf 370 Seiten, illustriert mit zahlreichen Abbildungen wird ein umfangreicher \u00dcberblick \u00fcber Geschichte und Gegenwart der Th\u00fcringer H\u00f6hlen- und Karstforschung gegeben.<\/p>\n<p>Das Buch ist zum Preis von 25 \u20ac erh\u00e4ltlich.<\/p>\n<p>&nbsp;<\/p>\n<p><a href=\"http:\/\/elektroplanung-wf.de\/transfer\/Karst und H\u00f6hle Vorwort.pdf\">Das Vorwort des Buches kann hier als Leseprobe und zus\u00e4tzliche Information heruntergeladen werden<\/a><\/p>\n<p>&nbsp;<\/p>\n<p><span style=\"text-decoration: underline;\"><strong>Inhalt<\/strong><\/span><\/p>\n<p>B\u00e4rbel Vogel, Jens Leonhardt und Friedhart Knolle, Vorwort<\/p>\n<p><strong>\u00dcbersichtsbeitr\u00e4ge mit landesweitem Bezug<\/strong><br \/>\nGunter Malcher, <em>Karstland Th\u00fcringen \u2013 Morphologie, Hydrologie, Geologie, Karst und Mensch<\/em><br \/>\nEckart G\u00f6bel und Rainer Fohlert, <em>Historischer Abriss der H\u00f6hlenforschung in Th\u00fcringen<\/em><br \/>\nHenning Harzer <em>,\u00a0 Das H\u00f6hlenkataster Th\u00fcringen<\/em><br \/>\nSven Schmidt und J\u00fcrgen Wunderlich, <em>Die Erfassung von Erdf\u00e4llen und -senken als Aufgabenfeld des Fachbereichs Ingenieurgeologie der Th\u00fcringer Landesanstalt f\u00fcr Umwelt und Geologie (TLUG)<\/em><br \/>\nWalter Hiekel, <em>Karstgew\u00e4sser in Th\u00fcringen<\/em><br \/>\n<strong>Zechsteinkarst des S\u00fcdharzes<\/strong><br \/>\nFriedhart Knolle, <em>Zum Schutz der Karstlandschaft am S\u00fcdharz und der Entwicklung des einzigen Biosph\u00e4renreservats der Welt im Sulfatkarst<\/em><br \/>\nHans-Peter Hubrich, <em>Lagerungsverh\u00e4ltnisse und Tektonik des S\u00fcdharzer Zechsteins \u2013 Ein Zwischenbericht<\/em><br \/>\nHans-Peter Hubrich und Stephan Kempe,<em> M\u00fchlgraben und \u201efalsche Uffe\u201c im Karst bei Klettenberg<\/em><br \/>\nFrank Baranowski, <em>Heimkehle und Barbarossah\u00f6hle in den F\u00e4ngen der R\u00fcstungsindustrie<\/em><br \/>\n<strong>Eichsfeld<\/strong><br \/>\nChristel und Reinhard V\u00f6lker, <em>H\u00f6hlen und Karsterscheinungen im Sulfatkarst des Th\u00fcringer Eichsfelds<\/em><br \/>\n<strong>Kyffh\u00e4user<\/strong><br \/>\nJ\u00fcrgen Wunderlich, <em>Zur Geologie des Kyffh\u00e4users<\/em><br \/>\nChristel und Reinhard V\u00f6lker, \u00a0<em>Nach der gro\u00dfen Entdeckung: Das Verschwinden<\/em><br \/>\n<em> der Numburgh\u00f6hle im Karstwasser und das Vergessen der Ereignisse im Strudel von 1989<\/em><br \/>\nManfred Kupetz, <em>Sulfatkarst am Kyffh\u00e4user und die Genese der Barbarossah\u00f6hle<\/em><br \/>\n<strong>Ostth\u00fcringen<\/strong><br \/>\nEckart G\u00f6bel, <em>H\u00f6hlen, Bachschwinden und Karstquellen im Salinarr\u00f6t Ostth\u00fcringens<\/em><br \/>\nMichael Bernast, <em>Die D\u00f6britzer H\u00f6hlen und ihre arch\u00e4ologische Erforschung \u2013 ein \u00dcberblick<\/em><br \/>\n<strong>Altensteiner H\u00f6hle<\/strong><br \/>\nRainer Fohlert, <em>Die Altensteiner H\u00f6hle \u2013 Aspekte zur Geschichte und Zukunft der \u00e4ltesten Schauh\u00f6hle Th\u00fcringens<\/em><br \/>\nRainer Fohlert, <em>Die Beleuchtungsanlagen in der Altensteiner H\u00f6hle<\/em><br \/>\nGunter Malcher und Rainer Fohlert, <em>Zur Hydrogeologie der Altensteiner H\u00f6hle und des Altenstein-Liebensteiner Karstgebiets<\/em><br \/>\nStephan Brauner und Kerstin Fohlert, <em>Die Altensteiner H\u00f6hle als pal\u00e4ontologisches Forschungsobjekt<\/em><br \/>\n<strong>S\u00fcdth\u00fcringen<\/strong><br \/>\nJens Leonhardt, <em>Schachth\u00f6hle St. Bernhard \u2013 Bericht zum Stand der Forschungsarbeiten<\/em><br \/>\nWolfgang Fehn mit einem Beitrag von Jens Seidler,\u00a0 <em>Die Zinselh\u00f6hle<\/em>,<br \/>\nDieter Wei\u00df, <em>Die Rauensteiner H\u00f6hle<\/em><br \/>\nBertram Ellrich \u00a0\u00a0 \u00a0Die Triebisch-H\u00f6hlen T-1 und T-3<br \/>\n<strong>Ble\u00dfbergh\u00f6hle und Umfeld<\/strong><br \/>\nJens Leonhardt, <em>Die Ble\u00dfbergh\u00f6hle \u2013 eine Einf\u00fchrung<\/em><br \/>\nDieter Wei\u00df und Michael Nowak, D<em>ie Entdeckung der Ble\u00dfbergh\u00f6hle 2008<\/em><br \/>\nGunter Malcher, <em>Zeitzeugenbericht Ble\u00dfbergh\u00f6hle 1. &#8211; 3. April 2008<\/em><br \/>\nJens Seidler, <em>Januar 2009: Die Entdeckung der neuen Teile im Westast der Ble\u00dfbergh\u00f6hle<\/em><br \/>\nRainer Fohlert , <em>Die Vermessung der Ble\u00dfbergh\u00f6hlen<\/em><br \/>\nBertram Ellrich, <em>Tauchaktivit\u00e4ten in der Ble\u00dfbergh\u00f6hle w\u00e4hrend<\/em> <em>der Forschungswoche im Januar 2009<\/em><br \/>\nJens Leonhardt, <em>Der Ble\u00dfberg-Tracerversuch vom Januar 2009<\/em><br \/>\nMarcus M\u00f6ller, Andreas Weller,<br \/>\nDieter Wei\u00df und Thomas Richter<em>, Geoelektrische Messungen an der Ble\u00dfbergh\u00f6hle<\/em><br \/>\nGunter Malcher, <em>Zur morphologischen Entwicklung des Umfelds der Ble\u00dfbergh\u00f6hle im Neogen und Quart\u00e4r<\/em><br \/>\n<strong>Saxothuringikum Th\u00fcringens und Sachsens<\/strong><br \/>\nSven Bauer, <em>Karbonatkarst im Saxothuringikum S\u00fcdostdeutschlands &#8211; ein regionaler und spel\u00e4ogenetischer \u00dcberblick<\/em><\/p>\n<p>Bibliographische Daten:<br \/>\nVerband der deutschen H\u00f6hlen- und Karstforscher e.V. (2014):\u00a0Karst und H\u00f6hle 2011 &#8211; 2014. Th\u00fcringen. M\u00fcnchen.<br \/>\nISSN 0342-2062<\/p>\n","protected":false},"excerpt":{"rendered":"<p>Karst und H\u00f6hle Band 2011-2014 \u201eTh\u00fcringen\u201c Vom Verband der deutschen H\u00f6hlen- und Karstforscher e.V. wurde vor wenigen Tagen der Band \u201eTh\u00fcringen\u201c aus der Reihe \u201eKarst und H\u00f6hle\u201c herausgegeben. Auf 370 Seiten, illustriert mit zahlreichen Abbildungen wird ein umfangreicher \u00dcberblick \u00fcber Geschichte und Gegenwart der Th\u00fcringer H\u00f6hlen- und Karstforschung gegeben. Das Buch ist zum Preis von [&hellip;]<\/p>\n","protected":false},"author":1,"featured_media":0,"parent":0,"menu_order":0,"comment_status":"closed","ping_status":"closed","template":"","meta":{"ngg_post_thumbnail":0},"_links":{"self":[{"href":"http:\/\/www.elektroplanung-wf.de\/altensteiner-hoehle\/index.php?rest_route=\/wp\/v2\/pages\/14"}],"collection":[{"href":"http:\/\/www.elektroplanung-wf.de\/altensteiner-hoehle\/index.php?rest_route=\/wp\/v2\/pages"}],"about":[{"href":"http:\/\/www.elektroplanung-wf.de\/altensteiner-hoehle\/index.php?rest_route=\/wp\/v2\/types\/page"}],"author":[{"embeddable":true,"href":"http:\/\/www.elektroplanung-wf.de\/altensteiner-hoehle\/index.php?rest_route=\/wp\/v2\/users\/1"}],"replies":[{"embeddable":true,"href":"http:\/\/www.elektroplanung-wf.de\/altensteiner-hoehle\/index.php?rest_route=%2Fwp%2Fv2%2Fcomments&post=14"}],"version-history":[{"count":13,"href":"http:\/\/www.elektroplanung-wf.de\/altensteiner-hoehle\/index.php?rest_route=\/wp\/v2\/pages\/14\/revisions"}],"predecessor-version":[{"id":472,"href":"http:\/\/www.elektroplanung-wf.de\/altensteiner-hoehle\/index.php?rest_route=\/wp\/v2\/pages\/14\/revisions\/472"}],"wp:attachment":[{"href":"http:\/\/www.elektroplanung-wf.de\/altensteiner-hoehle\/index.php?rest_route=%2Fwp%2Fv2%2Fmedia&parent=14"}],"curies":[{"name":"wp","href":"https:\/\/api.w.org\/{rel}","templated":true}]}}